{"id":7,"date":"2025-12-09T15:59:02","date_gmt":"2025-12-09T13:59:02","guid":{"rendered":"http:\/\/caisy.taiendkoolitused.ee\/?page_id=7"},"modified":"2025-12-11T13:58:36","modified_gmt":"2025-12-11T11:58:36","slug":"testin-elementorit","status":"publish","type":"page","link":"https:\/\/caisy.taiendkoolitused.ee\/en\/testin-elementorit\/","title":{"rendered":"Testin Elementorit"},"content":{"rendered":"<div data-elementor-type=\"wp-page\" data-elementor-id=\"7\" class=\"elementor elementor-7\">\n\t\t\t\t<div class=\"elementor-element elementor-element-5d757fd e-flex e-con-boxed e-con e-parent\" data-id=\"5d757fd\" data-element_type=\"container\">\n\t\t\t\t\t<div class=\"e-con-inner\">\n\t\t\t\t<div class=\"elementor-element elementor-element-de4d74b elementor-widget elementor-widget-heading\" data-id=\"de4d74b\" data-element_type=\"widget\" data-widget_type=\"heading.default\">\n\t\t\t\t<div class=\"elementor-widget-container\">\n\t\t\t\t\t<h2 class=\"elementor-heading-title elementor-size-default\">Pealkiri<\/h2>\t\t\t\t<\/div>\n\t\t\t\t<\/div>\n\t\t\t\t<div class=\"elementor-element elementor-element-72bb032 elementor-widget elementor-widget-text-editor\" data-id=\"72bb032\" data-element_type=\"widget\" data-widget_type=\"text-editor.default\">\n\t\t\t\t<div class=\"elementor-widget-container\">\n\t\t\t\t\t\t\t\t\t<p>Sisukast &#8211; Personaaltreener, elustiili treener<\/p>\t\t\t\t\t\t\t\t<\/div>\n\t\t\t\t<\/div>\n\t\t\t\t<div class=\"elementor-element elementor-element-af6b724 elementor-align-center elementor-widget elementor-widget-button\" data-id=\"af6b724\" data-element_type=\"widget\" data-widget_type=\"button.default\">\n\t\t\t\t<div class=\"elementor-widget-container\">\n\t\t\t\t\t\t\t\t\t<div class=\"elementor-button-wrapper\">\n\t\t\t\t\t<a class=\"elementor-button elementor-button-link elementor-size-sm\" href=\"https:\/\/ideeturg.ee\" target=\"_blank\" rel=\"noopener\">\n\t\t\t\t\t\t<span class=\"elementor-button-content-wrapper\">\n\t\t\t\t\t\t\t\t\t<span class=\"elementor-button-text\">Vajuta siia<\/span>\n\t\t\t\t\t<\/span>\n\t\t\t\t\t<\/a>\n\t\t\t\t<\/div>\n\t\t\t\t\t\t\t\t<\/div>\n\t\t\t\t<\/div>\n\t\t\t\t\t<\/div>\n\t\t\t\t<\/div>\n\t\t<div class=\"elementor-element elementor-element-6817d76 e-flex e-con-boxed e-con e-parent\" data-id=\"6817d76\" data-element_type=\"container\">\n\t\t\t\t\t<div class=\"e-con-inner\">\n\t\t\t\t<div class=\"elementor-element elementor-element-9f807f4 elementor-widget elementor-widget-image\" data-id=\"9f807f4\" data-element_type=\"widget\" data-widget_type=\"image.default\">\n\t\t\t\t<div class=\"elementor-widget-container\">\n\t\t\t\t\t\t\t\t\t\t\t\t\t\t\t<img fetchpriority=\"high\" decoding=\"async\" width=\"225\" height=\"300\" src=\"https:\/\/caisy.taiendkoolitused.ee\/wp-content\/uploads\/2025\/12\/Personaaltreener-225x300.jpg\" class=\"attachment-medium size-medium wp-image-19\" alt=\"Personaaltreener 225x300\" srcset=\"https:\/\/caisy.taiendkoolitused.ee\/wp-content\/uploads\/2025\/12\/Personaaltreener-225x300.jpg 225w, https:\/\/caisy.taiendkoolitused.ee\/wp-content\/uploads\/2025\/12\/Personaaltreener-scaled-600x800.jpg 600w, https:\/\/caisy.taiendkoolitused.ee\/wp-content\/uploads\/2025\/12\/Personaaltreener-768x1024.jpg 768w, https:\/\/caisy.taiendkoolitused.ee\/wp-content\/uploads\/2025\/12\/Personaaltreener-1152x1536.jpg 1152w, https:\/\/caisy.taiendkoolitused.ee\/wp-content\/uploads\/2025\/12\/Personaaltreener-1536x2048.jpg 1536w, https:\/\/caisy.taiendkoolitused.ee\/wp-content\/uploads\/2025\/12\/Personaaltreener-scaled.jpg 1920w\" sizes=\"(max-width: 225px) 100vw, 225px\" title=\"Testin Elementorit\">\t\t\t\t\t\t\t\t\t\t\t\t\t\t\t<\/div>\n\t\t\t\t<\/div>\n\t\t\t\t\t<\/div>\n\t\t\t\t<\/div>\n\t\t<div class=\"elementor-element elementor-element-727756c e-flex e-con-boxed e-con e-parent\" data-id=\"727756c\" data-element_type=\"container\">\n\t\t\t\t\t<div class=\"e-con-inner\">\n\t\t<div class=\"elementor-element elementor-element-c5dfa6f e-con-full e-flex e-con e-child\" data-id=\"c5dfa6f\" data-element_type=\"container\">\n\t\t\t\t<div class=\"elementor-element elementor-element-3f3398e elementor-widget elementor-widget-heading\" data-id=\"3f3398e\" data-element_type=\"widget\" data-widget_type=\"heading.default\">\n\t\t\t\t<div class=\"elementor-widget-container\">\n\t\t\t\t\t<h2 class=\"elementor-heading-title elementor-size-default\">Ts\u00fcklip\u00f5hine treenimine<\/h2>\t\t\t\t<\/div>\n\t\t\t\t<\/div>\n\t\t\t\t<div class=\"elementor-element elementor-element-1d1d239 elementor-widget elementor-widget-text-editor\" data-id=\"1d1d239\" data-element_type=\"widget\" data-widget_type=\"text-editor.default\">\n\t\t\t\t<div class=\"elementor-widget-container\">\n\t\t\t\t\t\t\t\t\t<p>J\u00f5usaal, jooga, hiit<\/p>\t\t\t\t\t\t\t\t<\/div>\n\t\t\t\t<\/div>\n\t\t\t\t<div class=\"elementor-element elementor-element-68fad12 elementor-widget elementor-widget-image\" data-id=\"68fad12\" data-element_type=\"widget\" data-widget_type=\"image.default\">\n\t\t\t\t<div class=\"elementor-widget-container\">\n\t\t\t\t\t\t\t\t\t\t\t\t\t\t\t<img decoding=\"async\" width=\"1024\" height=\"538\" src=\"https:\/\/caisy.taiendkoolitused.ee\/wp-content\/uploads\/2025\/12\/IMG_2077-1024x538.jpg\" class=\"attachment-large size-large wp-image-27\" alt=\"IMG 2077 1024x538\" srcset=\"https:\/\/caisy.taiendkoolitused.ee\/wp-content\/uploads\/2025\/12\/IMG_2077-1024x538.jpg 1024w, https:\/\/caisy.taiendkoolitused.ee\/wp-content\/uploads\/2025\/12\/IMG_2077-600x315.jpg 600w, https:\/\/caisy.taiendkoolitused.ee\/wp-content\/uploads\/2025\/12\/IMG_2077-300x158.jpg 300w, https:\/\/caisy.taiendkoolitused.ee\/wp-content\/uploads\/2025\/12\/IMG_2077-768x403.jpg 768w, https:\/\/caisy.taiendkoolitused.ee\/wp-content\/uploads\/2025\/12\/IMG_2077.jpg 1200w\" sizes=\"(max-width: 1024px) 100vw, 1024px\" title=\"Testin Elementorit\">\t\t\t\t\t\t\t\t\t\t\t\t\t\t\t<\/div>\n\t\t\t\t<\/div>\n\t\t\t\t<\/div>\n\t\t<div class=\"elementor-element elementor-element-af9718b e-con-full e-flex e-con e-child\" data-id=\"af9718b\" data-element_type=\"container\">\n\t\t\t\t<div class=\"elementor-element elementor-element-0e1a05b elementor-widget elementor-widget-heading\" data-id=\"0e1a05b\" data-element_type=\"widget\" data-widget_type=\"heading.default\">\n\t\t\t\t<div class=\"elementor-widget-container\">\n\t\t\t\t\t<h2 class=\"elementor-heading-title elementor-size-default\">Ts\u00fcklip\u00f5hine toitumine<\/h2>\t\t\t\t<\/div>\n\t\t\t\t<\/div>\n\t\t\t\t<div class=\"elementor-element elementor-element-ae58f23 elementor-widget elementor-widget-text-editor\" data-id=\"ae58f23\" data-element_type=\"widget\" data-widget_type=\"text-editor.default\">\n\t\t\t\t<div class=\"elementor-widget-container\">\n\t\t\t\t\t\t\t\t\t<p>Menstruatsioon, follikulaarfaas, ovulatsioon ja luteaalfaas\u00a0<\/p>\t\t\t\t\t\t\t\t<\/div>\n\t\t\t\t<\/div>\n\t\t\t\t<div class=\"elementor-element elementor-element-cee517e elementor-widget elementor-widget-image\" data-id=\"cee517e\" data-element_type=\"widget\" data-widget_type=\"image.default\">\n\t\t\t\t<div class=\"elementor-widget-container\">\n\t\t\t\t\t\t\t\t\t\t\t\t\t\t\t<img decoding=\"async\" width=\"1024\" height=\"676\" src=\"https:\/\/caisy.taiendkoolitused.ee\/wp-content\/uploads\/2025\/12\/Screenshot-2025-12-09-at-16.34.45-1024x676.png\" class=\"attachment-large size-large wp-image-28\" alt=\"Screenshot 2025 12 09 At 16.34.45 1024x676\" srcset=\"https:\/\/caisy.taiendkoolitused.ee\/wp-content\/uploads\/2025\/12\/Screenshot-2025-12-09-at-16.34.45-1024x676.png 1024w, https:\/\/caisy.taiendkoolitused.ee\/wp-content\/uploads\/2025\/12\/Screenshot-2025-12-09-at-16.34.45-600x396.png 600w, https:\/\/caisy.taiendkoolitused.ee\/wp-content\/uploads\/2025\/12\/Screenshot-2025-12-09-at-16.34.45-300x198.png 300w, https:\/\/caisy.taiendkoolitused.ee\/wp-content\/uploads\/2025\/12\/Screenshot-2025-12-09-at-16.34.45-768x507.png 768w, https:\/\/caisy.taiendkoolitused.ee\/wp-content\/uploads\/2025\/12\/Screenshot-2025-12-09-at-16.34.45.png 1182w\" sizes=\"(max-width: 1024px) 100vw, 1024px\" title=\"Testin Elementorit\">\t\t\t\t\t\t\t\t\t\t\t\t\t\t\t<\/div>\n\t\t\t\t<\/div>\n\t\t\t\t<\/div>\n\t\t\t\t\t<\/div>\n\t\t\t\t<\/div>\n\t\t<div class=\"elementor-element elementor-element-7c3455f e-flex e-con-boxed e-con e-parent\" data-id=\"7c3455f\" data-element_type=\"container\">\n\t\t\t\t\t<div class=\"e-con-inner\">\n\t\t\t\t<div class=\"elementor-element elementor-element-e1b0d08 elementor-widget elementor-widget-google_maps\" data-id=\"e1b0d08\" data-element_type=\"widget\" data-widget_type=\"google_maps.default\">\n\t\t\t\t<div class=\"elementor-widget-container\">\n\t\t\t\t\t\t\t<div class=\"elementor-custom-embed\">\n\t\t\t<iframe loading=\"lazy\"\n\t\t\t\t\tsrc=\"https:\/\/maps.google.com\/maps?q=Sparta%20spordiklubi&#038;t=m&#038;z=18&#038;output=embed&#038;iwloc=near\"\n\t\t\t\t\ttitle=\"Sparta spordiklubi\"\n\t\t\t\t\taria-label=\"Sparta spordiklubi\"\n\t\t\t><\/iframe>\n\t\t<\/div>\n\t\t\t\t\t\t<\/div>\n\t\t\t\t<\/div>\n\t\t\t\t\t<\/div>\n\t\t\t\t<\/div>\n\t\t<div class=\"elementor-element elementor-element-9e0a96f e-flex e-con-boxed e-con e-parent\" data-id=\"9e0a96f\" data-element_type=\"container\">\n\t\t\t\t\t<div class=\"e-con-inner\">\n\t\t\t\t<div class=\"elementor-element elementor-element-e98fdef elementor-view-stacked elementor-shape-circle elementor-widget elementor-widget-icon\" data-id=\"e98fdef\" data-element_type=\"widget\" data-widget_type=\"icon.default\">\n\t\t\t\t<div class=\"elementor-widget-container\">\n\t\t\t\t\t\t\t<div class=\"elementor-icon-wrapper\">\n\t\t\t<div class=\"elementor-icon\">\n\t\t\t<i aria-hidden=\"true\" class=\"far fa-sun\"><\/i>\t\t\t<\/div>\n\t\t<\/div>\n\t\t\t\t\t\t<\/div>\n\t\t\t\t<\/div>\n\t\t\t\t\t<\/div>\n\t\t\t\t<\/div>\n\t\t<div class=\"elementor-element elementor-element-9cb961f e-flex e-con-boxed e-con e-parent\" data-id=\"9cb961f\" data-element_type=\"container\">\n\t\t\t\t\t<div class=\"e-con-inner\">\n\t\t\t\t<div class=\"elementor-element elementor-element-b060f0a elementor-arrows-position-inside elementor-pagination-position-outside elementor-widget elementor-widget-image-carousel\" data-id=\"b060f0a\" data-element_type=\"widget\" data-settings=\"{&quot;speed&quot;:1000,&quot;navigation&quot;:&quot;both&quot;,&quot;autoplay&quot;:&quot;yes&quot;,&quot;pause_on_hover&quot;:&quot;yes&quot;,&quot;pause_on_interaction&quot;:&quot;yes&quot;,&quot;autoplay_speed&quot;:5000,&quot;infinite&quot;:&quot;yes&quot;}\" data-widget_type=\"image-carousel.default\">\n\t\t\t\t<div class=\"elementor-widget-container\">\n\t\t\t\t\t\t\t<div class=\"elementor-image-carousel-wrapper swiper\" role=\"region\" aria-roledescription=\"carousel\" aria-label=\"Image Carousel\" dir=\"ltr\">\n\t\t\t<div class=\"elementor-image-carousel swiper-wrapper\" aria-live=\"off\">\n\t\t\t\t\t\t\t\t<div class=\"swiper-slide\" role=\"group\" aria-roledescription=\"slide\" aria-label=\"1 of 7\"><figure class=\"swiper-slide-inner\"><img decoding=\"async\" class=\"swiper-slide-image\" src=\"https:\/\/caisy.taiendkoolitused.ee\/wp-content\/uploads\/2025\/12\/IMG_2078-300x158.jpg\" alt=\"IMG_2078\" title=\"Testin Elementorit\"><\/figure><\/div><div class=\"swiper-slide\" role=\"group\" aria-roledescription=\"slide\" aria-label=\"2 of 7\"><figure class=\"swiper-slide-inner\"><img decoding=\"async\" class=\"swiper-slide-image\" src=\"https:\/\/caisy.taiendkoolitused.ee\/wp-content\/uploads\/2025\/12\/IMG_2083-200x300.jpg\" alt=\"IMG_2083\" title=\"Testin Elementorit\"><\/figure><\/div><div class=\"swiper-slide\" role=\"group\" aria-roledescription=\"slide\" aria-label=\"3 of 7\"><figure class=\"swiper-slide-inner\"><img decoding=\"async\" class=\"swiper-slide-image\" src=\"https:\/\/caisy.taiendkoolitused.ee\/wp-content\/uploads\/2025\/12\/IMG_2087-300x158.jpg\" alt=\"IMG_2087\" title=\"Testin Elementorit\"><\/figure><\/div><div class=\"swiper-slide\" role=\"group\" aria-roledescription=\"slide\" aria-label=\"4 of 7\"><figure class=\"swiper-slide-inner\"><img decoding=\"async\" class=\"swiper-slide-image\" src=\"https:\/\/caisy.taiendkoolitused.ee\/wp-content\/uploads\/2025\/12\/IMG_2082-300x158.jpg\" alt=\"IMG_2082\" title=\"Testin Elementorit\"><\/figure><\/div><div class=\"swiper-slide\" role=\"group\" aria-roledescription=\"slide\" aria-label=\"5 of 7\"><figure class=\"swiper-slide-inner\"><img decoding=\"async\" class=\"swiper-slide-image\" src=\"https:\/\/caisy.taiendkoolitused.ee\/wp-content\/uploads\/2025\/12\/IMG_2094-300x202.jpg\" alt=\"Treeningud\" title=\"Testin Elementorit\"><\/figure><\/div><div class=\"swiper-slide\" role=\"group\" aria-roledescription=\"slide\" aria-label=\"6 of 7\"><figure class=\"swiper-slide-inner\"><img decoding=\"async\" class=\"swiper-slide-image\" src=\"https:\/\/caisy.taiendkoolitused.ee\/wp-content\/uploads\/2025\/12\/IMG_2095-300x158.jpg\" alt=\"IMG_2095\" title=\"Testin Elementorit\"><\/figure><\/div><div class=\"swiper-slide\" role=\"group\" aria-roledescription=\"slide\" aria-label=\"7 of 7\"><figure class=\"swiper-slide-inner\"><img decoding=\"async\" class=\"swiper-slide-image\" src=\"https:\/\/caisy.taiendkoolitused.ee\/wp-content\/uploads\/2025\/12\/IMG_2077-300x158.jpg\" alt=\"IMG_2077\" title=\"Testin Elementorit\"><\/figure><\/div>\t\t\t<\/div>\n\t\t\t\t\t\t\t\t\t\t\t\t<div class=\"elementor-swiper-button elementor-swiper-button-prev\" role=\"button\" tabindex=\"0\">\n\t\t\t\t\t\t<i aria-hidden=\"true\" class=\"eicon-chevron-left\"><\/i>\t\t\t\t\t<\/div>\n\t\t\t\t\t<div class=\"elementor-swiper-button elementor-swiper-button-next\" role=\"button\" tabindex=\"0\">\n\t\t\t\t\t\t<i aria-hidden=\"true\" class=\"eicon-chevron-right\"><\/i>\t\t\t\t\t<\/div>\n\t\t\t\t\n\t\t\t\t\t\t\t\t\t<div class=\"swiper-pagination\"><\/div>\n\t\t\t\t\t\t\t\t\t<\/div>\n\t\t\t\t\t\t<\/div>\n\t\t\t\t<\/div>\n\t\t\t\t\t<\/div>\n\t\t\t\t<\/div>\n\t\t<div class=\"elementor-element elementor-element-336380c e-flex e-con-boxed e-con e-parent\" data-id=\"336380c\" data-element_type=\"container\">\n\t\t\t\t\t<div class=\"e-con-inner\">\n\t\t\t\t<div class=\"elementor-element elementor-element-f4e6a68 elementor-widget elementor-widget-wp-widget-calendar\" data-id=\"f4e6a68\" data-element_type=\"widget\" data-widget_type=\"wp-widget-calendar.default\">\n\t\t\t\t<div class=\"elementor-widget-container\">\n\t\t\t\t\t<div id=\"calendar_wrap\" class=\"calendar_wrap\"><table id=\"wp-calendar\" class=\"wp-calendar-table\">\n\t<caption>May 2026<\/caption>\n\t<thead>\n\t<tr>\n\t\t<th scope=\"col\" aria-label=\"Monday\">M<\/th>\n\t\t<th scope=\"col\" aria-label=\"Tuesday\">T<\/th>\n\t\t<th scope=\"col\" aria-label=\"Wednesday\">W<\/th>\n\t\t<th scope=\"col\" aria-label=\"Thursday\">T<\/th>\n\t\t<th scope=\"col\" aria-label=\"Friday\">F<\/th>\n\t\t<th scope=\"col\" aria-label=\"Saturday\">S<\/th>\n\t\t<th scope=\"col\" aria-label=\"Sunday\">S<\/th>\n\t<\/tr>\n\t<\/thead>\n\t<tbody>\n\t<tr>\n\t\t<td colspan=\"4\" class=\"pad\">&nbsp;<\/td><td>1<\/td><td>2<\/td><td>3<\/td>\n\t<\/tr>\n\t<tr>\n\t\t<td>4<\/td><td>5<\/td><td>6<\/td><td>7<\/td><td>8<\/td><td>9<\/td><td>10<\/td>\n\t<\/tr>\n\t<tr>\n\t\t<td>11<\/td><td>12<\/td><td id=\"today\">13<\/td><td>14<\/td><td>15<\/td><td>16<\/td><td>17<\/td>\n\t<\/tr>\n\t<tr>\n\t\t<td>18<\/td><td>19<\/td><td>20<\/td><td>21<\/td><td>22<\/td><td>23<\/td><td>24<\/td>\n\t<\/tr>\n\t<tr>\n\t\t<td>25<\/td><td>26<\/td><td>27<\/td><td>28<\/td><td>29<\/td><td>30<\/td><td>31<\/td>\n\t<\/tr>\n\t<\/tbody>\n\t<\/table><nav aria-label=\"Previous and next months\" class=\"wp-calendar-nav\">\n\t\t<span class=\"wp-calendar-nav-prev\"><a href=\"https:\/\/caisy.taiendkoolitused.ee\/en\/2025\/12\/\">&laquo; Dec<\/a><\/span>\n\t\t<span class=\"pad\">&nbsp;<\/span>\n\t\t<span class=\"wp-calendar-nav-next\">&nbsp;<\/span>\n\t<\/nav><\/div>\t\t\t\t<\/div>\n\t\t\t\t<\/div>\n\t\t\t\t\t<\/div>\n\t\t\t\t<\/div>\n\t\t<div class=\"elementor-element elementor-element-a147a4b e-con-full e-flex e-con e-parent\" data-id=\"a147a4b\" data-element_type=\"container\">\n\t\t<div class=\"elementor-element elementor-element-9ef0d34 e-con-full e-flex e-con e-child\" data-id=\"9ef0d34\" data-element_type=\"container\">\n\t\t\t\t<\/div>\n\t\t<div class=\"elementor-element elementor-element-6356f6c e-con-full e-flex e-con e-child\" data-id=\"6356f6c\" data-element_type=\"container\">\n\t\t\t\t<\/div>\n\t\t<div class=\"elementor-element elementor-element-c70dd13 e-con-full e-flex e-con e-child\" data-id=\"c70dd13\" data-element_type=\"container\">\n\t\t\t\t<\/div>\n\t\t<div class=\"elementor-element elementor-element-c24e2eb e-con-full e-flex e-con e-child\" data-id=\"c24e2eb\" data-element_type=\"container\">\n\t\t\t\t<\/div>\n\t\t\t\t<\/div>\n\t\t\t\t<\/div>","protected":false},"excerpt":{"rendered":"<p>Pealkiri Sisukast &#8211; Personaaltreener, elustiili treener Vajuta siia Ts\u00fcklip\u00f5hine treenimine J\u00f5usaal, jooga, hiit Ts\u00fcklip\u00f5hine toitumine Menstruatsioon, follikulaarfaas, ovulatsioon ja luteaalfaas\u00a0 Front Title Lumehelves Back Title This is back side content. Front Title Lumelaud \u00a0 Back Title This is back side content. Front Title Sokid Back Title This is back side content. Front Title Lumesahk Back [&hellip;]<\/p>","protected":false},"author":1,"featured_media":0,"parent":0,"menu_order":0,"comment_status":"closed","ping_status":"closed","template":"","meta":{"site-sidebar-layout":"no-sidebar","site-content-layout":"","ast-site-content-layout":"full-width-container","site-content-style":"default","site-sidebar-style":"default","ast-global-header-display":"","ast-banner-title-visibility":"","ast-main-header-display":"","ast-hfb-above-header-display":"","ast-hfb-below-header-display":"","ast-hfb-mobile-header-display":"","site-post-title":"disabled","ast-breadcrumbs-content":"","ast-featured-img":"disabled","footer-sml-layout":"","ast-disable-related-posts":"","theme-transparent-header-meta":"","adv-header-id-meta":"","stick-header-meta":"","header-above-stick-meta":"","header-main-stick-meta":"","header-below-stick-meta":"","astra-migrate-meta-layouts":"default","ast-page-background-enabled":"default","ast-page-background-meta":{"desktop":{"background-color":"var(--ast-global-color-4)","background-image":"","background-repeat":"repeat","background-position":"center center","background-size":"auto","background-attachment":"scroll","background-type":"","background-media":"","overlay-type":"","overlay-color":"","overlay-opacity":"","overlay-gradient":""},"tablet":{"background-color":"","background-image":"","background-repeat":"repeat","background-position":"center center","background-size":"auto","background-attachment":"scroll","background-type":"","background-media":"","overlay-type":"","overlay-color":"","overlay-opacity":"","overlay-gradient":""},"mobile":{"background-color":"","background-image":"","background-repeat":"repeat","background-position":"center center","background-size":"auto","background-attachment":"scroll","background-type":"","background-media":"","overlay-type":"","overlay-color":"","overlay-opacity":"","overlay-gradient":""}},"ast-content-background-meta":{"desktop":{"background-color":"var(--ast-global-color-5)","background-image":"","background-repeat":"repeat","background-position":"center center","background-size":"auto","background-attachment":"scroll","background-type":"","background-media":"","overlay-type":"","overlay-color":"","overlay-opacity":"","overlay-gradient":""},"tablet":{"background-color":"var(--ast-global-color-5)","background-image":"","background-repeat":"repeat","background-position":"center center","background-size":"auto","background-attachment":"scroll","background-type":"","background-media":"","overlay-type":"","overlay-color":"","overlay-opacity":"","overlay-gradient":""},"mobile":{"background-color":"var(--ast-global-color-5)","background-image":"","background-repeat":"repeat","background-position":"center center","background-size":"auto","background-attachment":"scroll","background-type":"","background-media":"","overlay-type":"","overlay-color":"","overlay-opacity":"","overlay-gradient":""}},"footnotes":""},"class_list":["post-7","page","type-page","status-publish","hentry"],"_links":{"self":[{"href":"https:\/\/caisy.taiendkoolitused.ee\/en\/wp-json\/wp\/v2\/pages\/7","targetHints":{"allow":["GET"]}}],"collection":[{"href":"https:\/\/caisy.taiendkoolitused.ee\/en\/wp-json\/wp\/v2\/pages"}],"about":[{"href":"https:\/\/caisy.taiendkoolitused.ee\/en\/wp-json\/wp\/v2\/types\/page"}],"author":[{"embeddable":true,"href":"https:\/\/caisy.taiendkoolitused.ee\/en\/wp-json\/wp\/v2\/users\/1"}],"replies":[{"embeddable":true,"href":"https:\/\/caisy.taiendkoolitused.ee\/en\/wp-json\/wp\/v2\/comments?post=7"}],"version-history":[{"count":5,"href":"https:\/\/caisy.taiendkoolitused.ee\/en\/wp-json\/wp\/v2\/pages\/7\/revisions"}],"predecessor-version":[{"id":2131,"href":"https:\/\/caisy.taiendkoolitused.ee\/en\/wp-json\/wp\/v2\/pages\/7\/revisions\/2131"}],"wp:attachment":[{"href":"https:\/\/caisy.taiendkoolitused.ee\/en\/wp-json\/wp\/v2\/media?parent=7"}],"curies":[{"name":"wp","href":"https:\/\/api.w.org\/{rel}","templated":true}]}}