{"id":14,"date":"2025-12-11T13:22:35","date_gmt":"2025-12-11T11:22:35","guid":{"rendered":"http:\/\/caisy.taiendkoolitused.ee\/about\/"},"modified":"2025-12-19T16:21:28","modified_gmt":"2025-12-19T14:21:28","slug":"meist","status":"publish","type":"page","link":"https:\/\/caisy.taiendkoolitused.ee\/en\/meist\/","title":{"rendered":"Meist"},"content":{"rendered":"<div data-elementor-type=\"wp-page\" data-elementor-id=\"14\" class=\"elementor elementor-14\">\n\t\t\t\t<div class=\"elementor-element elementor-element-dcfb448 e-flex e-con-boxed e-con e-parent\" data-id=\"dcfb448\" data-element_type=\"container\" data-settings=\"{&quot;background_background&quot;:&quot;classic&quot;}\">\n\t\t\t\t\t<div class=\"e-con-inner\">\n\t\t<div class=\"elementor-element elementor-element-d21b7e0 e-flex e-con-boxed e-con e-child\" data-id=\"d21b7e0\" data-element_type=\"container\">\n\t\t\t\t\t<div class=\"e-con-inner\">\n\t\t\t\t<div class=\"elementor-element elementor-element-e9fd9dc elementor-widget elementor-widget-heading\" data-id=\"e9fd9dc\" data-element_type=\"widget\" data-widget_type=\"heading.default\">\n\t\t\t\t<div class=\"elementor-widget-container\">\n\t\t\t\t\t<h1 class=\"elementor-heading-title elementor-size-default\">Meie lugu<\/h1>\t\t\t\t<\/div>\n\t\t\t\t<\/div>\n\t\t\t\t\t<\/div>\n\t\t\t\t<\/div>\n\t\t\t\t\t<\/div>\n\t\t\t\t<\/div>\n\t\t<div class=\"elementor-element elementor-element-500861b e-flex e-con-boxed e-con e-parent\" data-id=\"500861b\" data-element_type=\"container\">\n\t\t\t\t\t<div class=\"e-con-inner\">\n\t\t<div class=\"elementor-element elementor-element-7dbc6fb e-con-full e-flex e-con e-child\" data-id=\"7dbc6fb\" data-element_type=\"container\">\n\t\t\t\t<div class=\"elementor-element elementor-element-6658dc9 elementor-widget elementor-widget-heading\" data-id=\"6658dc9\" data-element_type=\"widget\" data-widget_type=\"heading.default\">\n\t\t\t\t<div class=\"elementor-widget-container\">\n\t\t\t\t\t<h4 class=\"elementor-heading-title elementor-size-default\">Kogedes enda peal erinevaid \"ime\" dieete ja nippe j\u00f5udsin alati selleni, et j\u00e4rjekindlus ja p\u00fchendumus viib sihile!<\/h4>\t\t\t\t<\/div>\n\t\t\t\t<\/div>\n\t\t\t\t<div class=\"elementor-element elementor-element-e9a8c1e elementor-widget elementor-widget-image\" data-id=\"e9a8c1e\" data-element_type=\"widget\" data-widget_type=\"image.default\">\n\t\t\t\t<div class=\"elementor-widget-container\">\n\t\t\t\t\t\t\t\t\t\t\t\t\t\t\t<img fetchpriority=\"high\" decoding=\"async\" width=\"736\" height=\"736\" src=\"https:\/\/caisy.taiendkoolitused.ee\/wp-content\/uploads\/2025\/12\/Set-of-pink-dumbbells-and-clear-bottle-filled-with-water-laid-on-a-pink-sports-mat.jpg\" class=\"attachment-full size-full wp-image-2275\" alt=\"set of pink dumbbells and clear bottle filled with water laid on a pink sports mat\" srcset=\"https:\/\/caisy.taiendkoolitused.ee\/wp-content\/uploads\/2025\/12\/Set-of-pink-dumbbells-and-clear-bottle-filled-with-water-laid-on-a-pink-sports-mat.jpg 736w, https:\/\/caisy.taiendkoolitused.ee\/wp-content\/uploads\/2025\/12\/Set-of-pink-dumbbells-and-clear-bottle-filled-with-water-laid-on-a-pink-sports-mat-300x300.jpg 300w, https:\/\/caisy.taiendkoolitused.ee\/wp-content\/uploads\/2025\/12\/Set-of-pink-dumbbells-and-clear-bottle-filled-with-water-laid-on-a-pink-sports-mat-100x100.jpg 100w, https:\/\/caisy.taiendkoolitused.ee\/wp-content\/uploads\/2025\/12\/Set-of-pink-dumbbells-and-clear-bottle-filled-with-water-laid-on-a-pink-sports-mat-600x600.jpg 600w, https:\/\/caisy.taiendkoolitused.ee\/wp-content\/uploads\/2025\/12\/Set-of-pink-dumbbells-and-clear-bottle-filled-with-water-laid-on-a-pink-sports-mat-150x150.jpg 150w, https:\/\/caisy.taiendkoolitused.ee\/wp-content\/uploads\/2025\/12\/Set-of-pink-dumbbells-and-clear-bottle-filled-with-water-laid-on-a-pink-sports-mat-12x12.jpg 12w\" sizes=\"(max-width: 736px) 100vw, 736px\" title=\"Meist\">\t\t\t\t\t\t\t\t\t\t\t\t\t\t\t<\/div>\n\t\t\t\t<\/div>\n\t\t<div class=\"elementor-element elementor-element-065bc6f e-con-full e-flex e-con e-child\" data-id=\"065bc6f\" data-element_type=\"container\">\n\t\t<div class=\"elementor-element elementor-element-f52af72 e-con-full e-flex e-con e-child\" data-id=\"f52af72\" data-element_type=\"container\">\n\t\t\t\t<div class=\"elementor-element elementor-element-4a1f5fb elementor-widget elementor-widget-heading\" data-id=\"4a1f5fb\" data-element_type=\"widget\" data-widget_type=\"heading.default\">\n\t\t\t\t<div class=\"elementor-widget-container\">\n\t\t\t\t\t<h2 class=\"elementor-heading-title elementor-size-default\">Kogukonnaga liitumine ja tutvumine (tutvustav ja kutsuv tekst)<\/h2>\t\t\t\t<\/div>\n\t\t\t\t<\/div>\n\t\t\t\t<\/div>\n\t\t\t\t<\/div>\n\t\t<div class=\"elementor-element elementor-element-bc8893b e-con-full e-flex e-con e-child\" data-id=\"bc8893b\" data-element_type=\"container\">\n\t\t\t\t<div class=\"elementor-element elementor-element-601fbac elementor-widget elementor-widget-image\" data-id=\"601fbac\" data-element_type=\"widget\" data-widget_type=\"image.default\">\n\t\t\t\t<div class=\"elementor-widget-container\">\n\t\t\t\t\t\t\t\t\t\t\t\t\t\t\t<img decoding=\"async\" width=\"626\" height=\"626\" src=\"https:\/\/caisy.taiendkoolitused.ee\/wp-content\/uploads\/2025\/12\/Celebrating-women-empowerment-and-equality-through-international-womens-day-on-8-march-Premium-AI-generated-image.jpg\" class=\"attachment-large size-large wp-image-2281\" alt=\"celebrating women empowerment and equality through international womens day on 8 march | premium ai generated image\" srcset=\"https:\/\/caisy.taiendkoolitused.ee\/wp-content\/uploads\/2025\/12\/Celebrating-women-empowerment-and-equality-through-international-womens-day-on-8-march-Premium-AI-generated-image.jpg 626w, https:\/\/caisy.taiendkoolitused.ee\/wp-content\/uploads\/2025\/12\/Celebrating-women-empowerment-and-equality-through-international-womens-day-on-8-march-Premium-AI-generated-image-300x300.jpg 300w, https:\/\/caisy.taiendkoolitused.ee\/wp-content\/uploads\/2025\/12\/Celebrating-women-empowerment-and-equality-through-international-womens-day-on-8-march-Premium-AI-generated-image-100x100.jpg 100w, https:\/\/caisy.taiendkoolitused.ee\/wp-content\/uploads\/2025\/12\/Celebrating-women-empowerment-and-equality-through-international-womens-day-on-8-march-Premium-AI-generated-image-600x600.jpg 600w, https:\/\/caisy.taiendkoolitused.ee\/wp-content\/uploads\/2025\/12\/Celebrating-women-empowerment-and-equality-through-international-womens-day-on-8-march-Premium-AI-generated-image-150x150.jpg 150w, https:\/\/caisy.taiendkoolitused.ee\/wp-content\/uploads\/2025\/12\/Celebrating-women-empowerment-and-equality-through-international-womens-day-on-8-march-Premium-AI-generated-image-12x12.jpg 12w\" sizes=\"(max-width: 626px) 100vw, 626px\" title=\"Meist\">\t\t\t\t\t\t\t\t\t\t\t\t\t\t\t<\/div>\n\t\t\t\t<\/div>\n\t\t\t\t<\/div>\n\t\t\t\t<\/div>\n\t\t\t\t\t<\/div>\n\t\t\t\t<\/div>\n\t\t<div class=\"elementor-element elementor-element-ba46aa4 e-flex e-con-boxed e-con e-parent\" data-id=\"ba46aa4\" data-element_type=\"container\" data-settings=\"{&quot;background_background&quot;:&quot;classic&quot;}\">\n\t\t\t\t\t<div class=\"e-con-inner\">\n\t\t<div class=\"elementor-element elementor-element-94092f7 e-con-full e-flex e-con e-child\" data-id=\"94092f7\" data-element_type=\"container\">\n\t\t\t\t<div class=\"elementor-element elementor-element-aad1e15 elementor-widget elementor-widget-image\" data-id=\"aad1e15\" data-element_type=\"widget\" data-widget_type=\"image.default\">\n\t\t\t\t<div class=\"elementor-widget-container\">\n\t\t\t\t\t\t\t\t\t\t\t\t\t\t\t<img decoding=\"async\" width=\"46\" height=\"38\" src=\"https:\/\/caisy.taiendkoolitused.ee\/wp-content\/uploads\/2021\/11\/quotes.svg\" class=\"attachment-full size-full wp-image-117\" alt=\"quotes\" title=\"Meist\">\t\t\t\t\t\t\t\t\t\t\t\t\t\t\t<\/div>\n\t\t\t\t<\/div>\n\t\t\t\t<div class=\"elementor-element elementor-element-7f86a88 elementor-widget elementor-widget-heading\" data-id=\"7f86a88\" data-element_type=\"widget\" data-widget_type=\"heading.default\">\n\t\t\t\t<div class=\"elementor-widget-container\">\n\t\t\t\t\t<h4 class=\"elementor-heading-title elementor-size-default\">Kogemuslugu<\/h4>\t\t\t\t<\/div>\n\t\t\t\t<\/div>\n\t\t\t\t<div class=\"elementor-element elementor-element-d503280 elementor-widget elementor-widget-image\" data-id=\"d503280\" data-element_type=\"widget\" data-widget_type=\"image.default\">\n\t\t\t\t<div class=\"elementor-widget-container\">\n\t\t\t\t\t\t\t\t\t\t\t\t\t\t\t<img loading=\"lazy\" decoding=\"async\" width=\"1278\" height=\"1715\" src=\"https:\/\/caisy.taiendkoolitused.ee\/wp-content\/uploads\/2025\/12\/66B54354-ABC0-4744-9FF8-1429B4418A14-e1765457358534.jpg\" class=\"attachment-full size-full wp-image-2165\" alt=\"{&quot;eid&quot;:&quot;1588162101578288&quot;,&quot;cameraposition&quot;:2}\" srcset=\"https:\/\/caisy.taiendkoolitused.ee\/wp-content\/uploads\/2025\/12\/66B54354-ABC0-4744-9FF8-1429B4418A14-e1765457358534.jpg 1278w, https:\/\/caisy.taiendkoolitused.ee\/wp-content\/uploads\/2025\/12\/66B54354-ABC0-4744-9FF8-1429B4418A14-e1765457358534-600x805.jpg 600w, https:\/\/caisy.taiendkoolitused.ee\/wp-content\/uploads\/2025\/12\/66B54354-ABC0-4744-9FF8-1429B4418A14-e1765457358534-224x300.jpg 224w, https:\/\/caisy.taiendkoolitused.ee\/wp-content\/uploads\/2025\/12\/66B54354-ABC0-4744-9FF8-1429B4418A14-e1765457358534-763x1024.jpg 763w, https:\/\/caisy.taiendkoolitused.ee\/wp-content\/uploads\/2025\/12\/66B54354-ABC0-4744-9FF8-1429B4418A14-e1765457358534-768x1031.jpg 768w, https:\/\/caisy.taiendkoolitused.ee\/wp-content\/uploads\/2025\/12\/66B54354-ABC0-4744-9FF8-1429B4418A14-e1765457358534-1145x1536.jpg 1145w\" sizes=\"(max-width: 1278px) 100vw, 1278px\" title=\"Meist\">\t\t\t\t\t\t\t\t\t\t\t\t\t\t\t<\/div>\n\t\t\t\t<\/div>\n\t\t\t\t<div class=\"elementor-element elementor-element-22c93f1 elementor-widget elementor-widget-text-editor\" data-id=\"22c93f1\" data-element_type=\"widget\" data-widget_type=\"text-editor.default\">\n\t\t\t\t<div class=\"elementor-widget-container\">\n\t\t\t\t\t\t\t\t\t<p>Kliendi tagasiside (eesnimi.perekonnanimi)<\/p>\t\t\t\t\t\t\t\t<\/div>\n\t\t\t\t<\/div>\n\t\t\t\t<\/div>\n\t\t\t\t\t<\/div>\n\t\t\t\t<\/div>\n\t\t\t\t<\/div>","protected":false},"excerpt":{"rendered":"<p>Meie lugu Kogedes enda peal erinevaid &#8220;ime&#8221; dieete ja nippe j\u00f5udsin alati selleni, et j\u00e4rjekindlus ja p\u00fchendumus viib sihile! Kogukonnaga liitumine ja tutvumine (tutvustav ja kutsuv tekst) Kogemuslugu Kliendi tagasiside (eesnimi.perekonnanimi)<\/p>","protected":false},"author":1,"featured_media":0,"parent":0,"menu_order":3,"comment_status":"closed","ping_status":"closed","template":"","meta":{"site-sidebar-layout":"no-sidebar","site-content-layout":"page-builder","ast-site-content-layout":"default","site-content-style":"default","site-sidebar-style":"default","ast-global-header-display":"","ast-banner-title-visibility":"","ast-main-header-display":"","ast-hfb-above-header-display":"","ast-hfb-below-header-display":"","ast-hfb-mobile-header-display":"","site-post-title":"disabled","ast-breadcrumbs-content":"","ast-featured-img":"disabled","footer-sml-layout":"","ast-disable-related-posts":"","theme-transparent-header-meta":"enabled","adv-header-id-meta":"","stick-header-meta":"","header-above-stick-meta":"","header-main-stick-meta":"","header-below-stick-meta":"","astra-migrate-meta-layouts":"default","ast-page-background-enabled":"default","ast-page-background-meta":{"desktop":{"background-color":"var(--ast-global-color-4)","background-image":"","background-repeat":"repeat","background-position":"center center","background-size":"auto","background-attachment":"scroll","background-type":"","background-media":"","overlay-type":"","overlay-color":"","overlay-opacity":"","overlay-gradient":""},"tablet":{"background-color":"","background-image":"","background-repeat":"repeat","background-position":"center center","background-size":"auto","background-attachment":"scroll","background-type":"","background-media":"","overlay-type":"","overlay-color":"","overlay-opacity":"","overlay-gradient":""},"mobile":{"background-color":"","background-image":"","background-repeat":"repeat","background-position":"center center","background-size":"auto","background-attachment":"scroll","background-type":"","background-media":"","overlay-type":"","overlay-color":"","overlay-opacity":"","overlay-gradient":""}},"ast-content-background-meta":{"desktop":{"background-color":"var(--ast-global-color-5)","background-image":"","background-repeat":"repeat","background-position":"center center","background-size":"auto","background-attachment":"scroll","background-type":"","background-media":"","overlay-type":"","overlay-color":"","overlay-opacity":"","overlay-gradient":""},"tablet":{"background-color":"var(--ast-global-color-5)","background-image":"","background-repeat":"repeat","background-position":"center center","background-size":"auto","background-attachment":"scroll","background-type":"","background-media":"","overlay-type":"","overlay-color":"","overlay-opacity":"","overlay-gradient":""},"mobile":{"background-color":"var(--ast-global-color-5)","background-image":"","background-repeat":"repeat","background-position":"center center","background-size":"auto","background-attachment":"scroll","background-type":"","background-media":"","overlay-type":"","overlay-color":"","overlay-opacity":"","overlay-gradient":""}},"footnotes":""},"class_list":["post-14","page","type-page","status-publish","hentry"],"_links":{"self":[{"href":"https:\/\/caisy.taiendkoolitused.ee\/en\/wp-json\/wp\/v2\/pages\/14","targetHints":{"allow":["GET"]}}],"collection":[{"href":"https:\/\/caisy.taiendkoolitused.ee\/en\/wp-json\/wp\/v2\/pages"}],"about":[{"href":"https:\/\/caisy.taiendkoolitused.ee\/en\/wp-json\/wp\/v2\/types\/page"}],"author":[{"embeddable":true,"href":"https:\/\/caisy.taiendkoolitused.ee\/en\/wp-json\/wp\/v2\/users\/1"}],"replies":[{"embeddable":true,"href":"https:\/\/caisy.taiendkoolitused.ee\/en\/wp-json\/wp\/v2\/comments?post=14"}],"version-history":[{"count":5,"href":"https:\/\/caisy.taiendkoolitused.ee\/en\/wp-json\/wp\/v2\/pages\/14\/revisions"}],"predecessor-version":[{"id":2284,"href":"https:\/\/caisy.taiendkoolitused.ee\/en\/wp-json\/wp\/v2\/pages\/14\/revisions\/2284"}],"wp:attachment":[{"href":"https:\/\/caisy.taiendkoolitused.ee\/en\/wp-json\/wp\/v2\/media?parent=14"}],"curies":[{"name":"wp","href":"https:\/\/api.w.org\/{rel}","templated":true}]}}